{"id":5585,"date":"2025-03-03T09:24:33","date_gmt":"2025-03-03T08:24:33","guid":{"rendered":"https:\/\/www.imprefil.com\/es\/?page_id=5585"},"modified":"2025-03-03T09:56:51","modified_gmt":"2025-03-03T08:56:51","slug":"error-404","status":"publish","type":"page","link":"https:\/\/www.imprefil.com\/es\/error-404\/","title":{"rendered":"Error 404&#8230;"},"content":{"rendered":"\n<p class=\"has-black-color has-text-color has-link-color wp-elements-9f3856789d97b5c1fd1bc6bfc06e2909\"><strong>Opps!!<\/strong> La p\u00e1gina o b\u00fasqueda no obtuvo ning\u00fan resultado.<\/p>\n\n\n\n<figure class=\"wp-block-image size-full\"><img loading=\"lazy\" decoding=\"async\" width=\"506\" height=\"437\" src=\"https:\/\/www.imprefil.com\/es\/wp-content\/uploads\/2025\/03\/caja2.jpg\" alt=\"\" class=\"wp-image-5590\" srcset=\"https:\/\/www.imprefil.com\/es\/wp-content\/uploads\/2025\/03\/caja2.jpg 506w, https:\/\/www.imprefil.com\/es\/wp-content\/uploads\/2025\/03\/caja2-300x259.jpg 300w, https:\/\/www.imprefil.com\/es\/wp-content\/uploads\/2025\/03\/caja2-80x70.jpg 80w\" sizes=\"auto, (max-width: 506px) 100vw, 506px\" \/><\/figure>\n\n\n\n<p>Pruebe de nuevo o vaya a la <strong><a href=\"https:\/\/www.imprefil.com\/es\/\" title=\"https:\/\/www.imprefil.com\/es\/\">Home Page de imprefil.com<\/a><\/strong><\/p>\n\n\n\n<p><\/p>\n","protected":false},"excerpt":{"rendered":"<p>Opps!! La p\u00e1gina o b\u00fasqueda no obtuvo ning\u00fan resultado. Pruebe de nuevo o vaya a la Home Page de imprefil.com<\/p>\n","protected":false},"author":2,"featured_media":0,"parent":0,"menu_order":0,"comment_status":"closed","ping_status":"closed","template":"","meta":{"footnotes":""},"class_list":["post-5585","page","type-page","status-publish","hentry","latest_post"],"aioseo_notices":[],"_links":{"self":[{"href":"https:\/\/www.imprefil.com\/es\/wp-json\/wp\/v2\/pages\/5585","targetHints":{"allow":["GET"]}}],"collection":[{"href":"https:\/\/www.imprefil.com\/es\/wp-json\/wp\/v2\/pages"}],"about":[{"href":"https:\/\/www.imprefil.com\/es\/wp-json\/wp\/v2\/types\/page"}],"author":[{"embeddable":true,"href":"https:\/\/www.imprefil.com\/es\/wp-json\/wp\/v2\/users\/2"}],"replies":[{"embeddable":true,"href":"https:\/\/www.imprefil.com\/es\/wp-json\/wp\/v2\/comments?post=5585"}],"version-history":[{"count":2,"href":"https:\/\/www.imprefil.com\/es\/wp-json\/wp\/v2\/pages\/5585\/revisions"}],"predecessor-version":[{"id":5591,"href":"https:\/\/www.imprefil.com\/es\/wp-json\/wp\/v2\/pages\/5585\/revisions\/5591"}],"wp:attachment":[{"href":"https:\/\/www.imprefil.com\/es\/wp-json\/wp\/v2\/media?parent=5585"}],"curies":[{"name":"wp","href":"https:\/\/api.w.org\/{rel}","templated":true}]}}