{"id":4481,"date":"2020-11-20T11:37:29","date_gmt":"2020-11-20T10:37:29","guid":{"rendered":"http:\/\/www.imprefil.com\/es\/?page_id=4481"},"modified":"2025-01-20T10:10:24","modified_gmt":"2025-01-20T09:10:24","slug":"catalogo-filtracion-hidraulica-pdf","status":"publish","type":"page","link":"https:\/\/www.imprefil.com\/es\/catalogos-filtracion-pdf-por-grupos\/catalogo-filtracion-hidraulica-pdf\/","title":{"rendered":"Cat\u00e1logo Filtraci\u00f3n hidr\u00e1ulica PDF"},"content":{"rendered":"<h2><a href=\"http:\/\/www.imprefil.com\/es\/wp-content\/uploads\/2020\/11\/SOFIMA_ESQUEMA_HIDRAULICO.pdf\" target=\"_blank\" rel=\"noopener noreferrer\"><img loading=\"lazy\" decoding=\"async\" class=\"alignleft wp-image-4466 \" src=\"http:\/\/www.imprefil.com\/es\/wp-content\/uploads\/2020\/11\/PORTcatalogo07-225x300.jpg\" alt=\"\" width=\"150\" height=\"200\"><\/a>Filtros SOFIMA. Esquema hidr\u00e1ulico<\/h2>\n<p><a href=\"http:\/\/www.imprefil.com\/es\/wp-content\/uploads\/2020\/11\/FILTROS_HABITACULO_IMPREFIL.pdf\" target=\"_blank\" rel=\"noopener noreferrer\"><img loading=\"lazy\" decoding=\"async\" class=\"alignnone wp-image-828\" src=\"http:\/\/imprefil.com\/es\/wp-content\/uploads\/2018\/10\/icono-pdf-150x150.jpeg\" alt=\"\" width=\"100\" height=\"100\" srcset=\"https:\/\/www.imprefil.com\/es\/wp-content\/uploads\/2018\/10\/icono-pdf-150x150.jpeg 150w, https:\/\/www.imprefil.com\/es\/wp-content\/uploads\/2018\/10\/icono-pdf-100x100.jpeg 100w, https:\/\/www.imprefil.com\/es\/wp-content\/uploads\/2018\/10\/icono-pdf-111x111.jpeg 111w, https:\/\/www.imprefil.com\/es\/wp-content\/uploads\/2018\/10\/icono-pdf.jpeg 200w\" sizes=\"auto, (max-width: 100px) 100vw, 100px\" \/><\/a><\/p>\n<hr>\n<h2><\/h2>\n","protected":false},"excerpt":{"rendered":"<p>Filtros SOFIMA. Esquema hidr\u00e1ulico<\/p>\n","protected":false},"author":2,"featured_media":0,"parent":4434,"menu_order":0,"comment_status":"closed","ping_status":"closed","template":"","meta":{"footnotes":""},"class_list":["post-4481","page","type-page","status-publish","hentry","latest_post"],"aioseo_notices":[],"_links":{"self":[{"href":"https:\/\/www.imprefil.com\/es\/wp-json\/wp\/v2\/pages\/4481","targetHints":{"allow":["GET"]}}],"collection":[{"href":"https:\/\/www.imprefil.com\/es\/wp-json\/wp\/v2\/pages"}],"about":[{"href":"https:\/\/www.imprefil.com\/es\/wp-json\/wp\/v2\/types\/page"}],"author":[{"embeddable":true,"href":"https:\/\/www.imprefil.com\/es\/wp-json\/wp\/v2\/users\/2"}],"replies":[{"embeddable":true,"href":"https:\/\/www.imprefil.com\/es\/wp-json\/wp\/v2\/comments?post=4481"}],"version-history":[{"count":3,"href":"https:\/\/www.imprefil.com\/es\/wp-json\/wp\/v2\/pages\/4481\/revisions"}],"predecessor-version":[{"id":4576,"href":"https:\/\/www.imprefil.com\/es\/wp-json\/wp\/v2\/pages\/4481\/revisions\/4576"}],"up":[{"embeddable":true,"href":"https:\/\/www.imprefil.com\/es\/wp-json\/wp\/v2\/pages\/4434"}],"wp:attachment":[{"href":"https:\/\/www.imprefil.com\/es\/wp-json\/wp\/v2\/media?parent=4481"}],"curies":[{"name":"wp","href":"https:\/\/api.w.org\/{rel}","templated":true}]}}