{"id":4471,"date":"2020-11-20T11:31:21","date_gmt":"2020-11-20T10:31:21","guid":{"rendered":"http:\/\/www.imprefil.com\/es\/?page_id=4471"},"modified":"2025-01-20T10:10:15","modified_gmt":"2025-01-20T09:10:15","slug":"catalogo-filtracion-camion-pdf","status":"publish","type":"page","link":"https:\/\/www.imprefil.com\/es\/catalogos-filtracion-pdf-por-grupos\/catalogo-filtracion-camion-pdf\/","title":{"rendered":"Cat\u00e1logo Filtraci\u00f3n cami\u00f3n PDF"},"content":{"rendered":"<h2><a href=\"http:\/\/www.imprefil.com\/es\/wp-content\/uploads\/2020\/11\/FILTROS_COMBUSTIBLE_MB_ACTROS_EURO-5-6.pdf\" target=\"_blank\" rel=\"noopener noreferrer\"><img loading=\"lazy\" decoding=\"async\" class=\"alignleft wp-image-4466 size-medium\" src=\"http:\/\/www.imprefil.com\/es\/wp-content\/uploads\/2020\/11\/PORTcatalogo07-225x300.jpg\" alt=\"\" width=\"150\" height=\"200\"><\/a>Filtro de combustible MB Actro Euro 5-6<\/h2>\n<p><a href=\"http:\/\/www.imprefil.com\/es\/wp-content\/uploads\/2020\/11\/FILTROS_COMBUSTIBLE_MB_ACTROS_EURO-5-6.pdf\" target=\"_blank\" rel=\"noopener noreferrer\"><img loading=\"lazy\" decoding=\"async\" class=\"alignnone wp-image-828\" src=\"http:\/\/imprefil.com\/es\/wp-content\/uploads\/2018\/10\/icono-pdf-150x150.jpeg\" alt=\"\" width=\"100\" height=\"100\" srcset=\"https:\/\/www.imprefil.com\/es\/wp-content\/uploads\/2018\/10\/icono-pdf-150x150.jpeg 150w, https:\/\/www.imprefil.com\/es\/wp-content\/uploads\/2018\/10\/icono-pdf-100x100.jpeg 100w, https:\/\/www.imprefil.com\/es\/wp-content\/uploads\/2018\/10\/icono-pdf-111x111.jpeg 111w, https:\/\/www.imprefil.com\/es\/wp-content\/uploads\/2018\/10\/icono-pdf.jpeg 200w\" sizes=\"auto, (max-width: 100px) 100vw, 100px\" \/><\/a><br \/>\n<br clear=\"all\"><\/p>\n<hr>\n<h2><a href=\"http:\/\/www.imprefil.com\/es\/wp-content\/uploads\/2020\/11\/FILTROS_ECOPLUS.pdf\" target=\"_blank\" rel=\"noopener noreferrer\"><img loading=\"lazy\" decoding=\"async\" class=\"alignleft wp-image-4466 size-medium\" src=\"http:\/\/www.imprefil.com\/es\/wp-content\/uploads\/2020\/11\/PORTcatalogo07-225x300.jpg\" alt=\"\" width=\"150\" height=\"200\"><\/a>Filtros EcoPlus<\/h2>\n<p><a href=\"http:\/\/www.imprefil.com\/es\/wp-content\/uploads\/2020\/11\/FILTROS_ECOPLUS.pdf\" target=\"_blank\" rel=\"noopener noreferrer\"><img loading=\"lazy\" decoding=\"async\" class=\"alignnone wp-image-828\" src=\"http:\/\/imprefil.com\/es\/wp-content\/uploads\/2018\/10\/icono-pdf-150x150.jpeg\" alt=\"\" width=\"100\" height=\"100\" srcset=\"https:\/\/www.imprefil.com\/es\/wp-content\/uploads\/2018\/10\/icono-pdf-150x150.jpeg 150w, https:\/\/www.imprefil.com\/es\/wp-content\/uploads\/2018\/10\/icono-pdf-100x100.jpeg 100w, https:\/\/www.imprefil.com\/es\/wp-content\/uploads\/2018\/10\/icono-pdf-111x111.jpeg 111w, https:\/\/www.imprefil.com\/es\/wp-content\/uploads\/2018\/10\/icono-pdf.jpeg 200w\" sizes=\"auto, (max-width: 100px) 100vw, 100px\" \/><\/a><br \/>\n<br clear=\"all\"><\/p>\n<hr>\n<h2><a href=\"http:\/\/www.imprefil.com\/es\/wp-content\/uploads\/2020\/11\/FILTROS_ROTACION_CAMION.pdf\" target=\"_blank\" rel=\"noopener noreferrer\"><img loading=\"lazy\" decoding=\"async\" class=\"alignleft wp-image-4466 size-medium\" src=\"http:\/\/www.imprefil.com\/es\/wp-content\/uploads\/2020\/11\/PORTcatalogo07-225x300.jpg\" alt=\"\" width=\"150\" height=\"200\"><\/a>Filtros de rotaci\u00f3n cami\u00f3n BALWIND<\/h2>\n<p><a href=\"http:\/\/www.imprefil.com\/es\/wp-content\/uploads\/2020\/11\/FILTROS_ROTACION_CAMION.pdf\" target=\"_blank\" rel=\"noopener noreferrer\"><img loading=\"lazy\" decoding=\"async\" class=\"alignnone wp-image-828\" src=\"http:\/\/imprefil.com\/es\/wp-content\/uploads\/2018\/10\/icono-pdf-150x150.jpeg\" alt=\"\" width=\"100\" height=\"100\" srcset=\"https:\/\/www.imprefil.com\/es\/wp-content\/uploads\/2018\/10\/icono-pdf-150x150.jpeg 150w, https:\/\/www.imprefil.com\/es\/wp-content\/uploads\/2018\/10\/icono-pdf-100x100.jpeg 100w, https:\/\/www.imprefil.com\/es\/wp-content\/uploads\/2018\/10\/icono-pdf-111x111.jpeg 111w, https:\/\/www.imprefil.com\/es\/wp-content\/uploads\/2018\/10\/icono-pdf.jpeg 200w\" sizes=\"auto, (max-width: 100px) 100vw, 100px\" \/><\/a><br \/>\n<br clear=\"all\"><\/p>\n<hr>\n<h2><a href=\"http:\/\/www.imprefil.com\/es\/wp-content\/uploads\/2020\/11\/IVECO_S5087OC.pdf\" target=\"_blank\" rel=\"noopener noreferrer\"><img loading=\"lazy\" decoding=\"async\" class=\"alignleft wp-image-4466 size-medium\" src=\"http:\/\/www.imprefil.com\/es\/wp-content\/uploads\/2020\/11\/PORTcatalogo07-225x300.jpg\" alt=\"\" width=\"150\" height=\"200\"><\/a>Filtro SOFIMA&nbsp;IVECO_S5087OC<\/h2>\n<p><a href=\"http:\/\/www.imprefil.com\/es\/wp-content\/uploads\/2020\/11\/IVECO_S5087OC.pdf\" target=\"_blank\" rel=\"noopener noreferrer\"><img loading=\"lazy\" decoding=\"async\" class=\"alignnone wp-image-828\" src=\"http:\/\/imprefil.com\/es\/wp-content\/uploads\/2018\/10\/icono-pdf-150x150.jpeg\" alt=\"\" width=\"100\" height=\"100\" srcset=\"https:\/\/www.imprefil.com\/es\/wp-content\/uploads\/2018\/10\/icono-pdf-150x150.jpeg 150w, https:\/\/www.imprefil.com\/es\/wp-content\/uploads\/2018\/10\/icono-pdf-100x100.jpeg 100w, https:\/\/www.imprefil.com\/es\/wp-content\/uploads\/2018\/10\/icono-pdf-111x111.jpeg 111w, https:\/\/www.imprefil.com\/es\/wp-content\/uploads\/2018\/10\/icono-pdf.jpeg 200w\" sizes=\"auto, (max-width: 100px) 100vw, 100px\" \/><\/a><br \/>\n<br clear=\"all\"><\/p>\n<hr>\n","protected":false},"excerpt":{"rendered":"<p>Filtro de combustible MB Actro Euro 5-6 Filtros EcoPlus Filtros de rotaci\u00f3n cami\u00f3n BALWIND Filtro SOFIMA&nbsp;IVECO_S5087OC<\/p>\n","protected":false},"author":2,"featured_media":0,"parent":4434,"menu_order":0,"comment_status":"closed","ping_status":"closed","template":"","meta":{"footnotes":""},"class_list":["post-4471","page","type-page","status-publish","hentry","latest_post"],"aioseo_notices":[],"_links":{"self":[{"href":"https:\/\/www.imprefil.com\/es\/wp-json\/wp\/v2\/pages\/4471","targetHints":{"allow":["GET"]}}],"collection":[{"href":"https:\/\/www.imprefil.com\/es\/wp-json\/wp\/v2\/pages"}],"about":[{"href":"https:\/\/www.imprefil.com\/es\/wp-json\/wp\/v2\/types\/page"}],"author":[{"embeddable":true,"href":"https:\/\/www.imprefil.com\/es\/wp-json\/wp\/v2\/users\/2"}],"replies":[{"embeddable":true,"href":"https:\/\/www.imprefil.com\/es\/wp-json\/wp\/v2\/comments?post=4471"}],"version-history":[{"count":7,"href":"https:\/\/www.imprefil.com\/es\/wp-json\/wp\/v2\/pages\/4471\/revisions"}],"predecessor-version":[{"id":4532,"href":"https:\/\/www.imprefil.com\/es\/wp-json\/wp\/v2\/pages\/4471\/revisions\/4532"}],"up":[{"embeddable":true,"href":"https:\/\/www.imprefil.com\/es\/wp-json\/wp\/v2\/pages\/4434"}],"wp:attachment":[{"href":"https:\/\/www.imprefil.com\/es\/wp-json\/wp\/v2\/media?parent=4471"}],"curies":[{"name":"wp","href":"https:\/\/api.w.org\/{rel}","templated":true}]}}