{"id":4459,"date":"2020-11-20T10:36:50","date_gmt":"2020-11-20T09:36:50","guid":{"rendered":"http:\/\/www.imprefil.com\/es\/?page_id=4459"},"modified":"2025-01-20T10:14:56","modified_gmt":"2025-01-20T09:14:56","slug":"catalogos-termico-ventiladores-habitaculo-pdf","status":"publish","type":"page","link":"https:\/\/www.imprefil.com\/es\/catalogos-termico-pdf-por-marcas\/catalogos-termico-ventiladores-habitaculo-pdf\/","title":{"rendered":"Cat\u00e1logos T\u00e9rmico ventiladores habit\u00e1culo, PDF"},"content":{"rendered":"<h2><a href=\"http:\/\/www.imprefil.com\/es\/wp-content\/uploads\/2020\/11\/CATALOGO_VENTILADORES_DE_HABITACULO.pdf\" target=\"_blank\" rel=\"noopener noreferrer\"><img loading=\"lazy\" decoding=\"async\" class=\"alignleft wp-image-4386 \" src=\"http:\/\/www.imprefil.com\/es\/wp-content\/uploads\/2020\/11\/PORTcatalogo01-225x300.jpg\" alt=\"\" width=\"150\" height=\"200\" srcset=\"https:\/\/www.imprefil.com\/es\/wp-content\/uploads\/2020\/11\/PORTcatalogo01-225x300.jpg 225w, https:\/\/www.imprefil.com\/es\/wp-content\/uploads\/2020\/11\/PORTcatalogo01.jpg 389w\" sizes=\"auto, (max-width: 150px) 100vw, 150px\" \/><\/a>Ventiladores de habit\u00e1culo<\/h2>\n<p><a href=\"http:\/\/www.imprefil.com\/es\/wp-content\/uploads\/2020\/11\/CATALOGO_VENTILADORES_DE_HABITACULO.pdf\" target=\"_blank\" rel=\"noopener noreferrer\"><img loading=\"lazy\" decoding=\"async\" class=\"alignnone wp-image-828\" src=\"http:\/\/imprefil.com\/es\/wp-content\/uploads\/2018\/10\/icono-pdf-150x150.jpeg\" alt=\"\" width=\"100\" height=\"100\" srcset=\"https:\/\/www.imprefil.com\/es\/wp-content\/uploads\/2018\/10\/icono-pdf-150x150.jpeg 150w, https:\/\/www.imprefil.com\/es\/wp-content\/uploads\/2018\/10\/icono-pdf-100x100.jpeg 100w, https:\/\/www.imprefil.com\/es\/wp-content\/uploads\/2018\/10\/icono-pdf-111x111.jpeg 111w, https:\/\/www.imprefil.com\/es\/wp-content\/uploads\/2018\/10\/icono-pdf.jpeg 200w\" sizes=\"auto, (max-width: 100px) 100vw, 100px\" \/><\/a><\/p>\n<hr \/>\n<h2><\/h2>\n","protected":false},"excerpt":{"rendered":"<p>Ventiladores de habit\u00e1culo<\/p>\n","protected":false},"author":2,"featured_media":0,"parent":4384,"menu_order":0,"comment_status":"closed","ping_status":"closed","template":"","meta":{"footnotes":""},"class_list":["post-4459","page","type-page","status-publish","hentry","latest_post"],"aioseo_notices":[],"_links":{"self":[{"href":"https:\/\/www.imprefil.com\/es\/wp-json\/wp\/v2\/pages\/4459","targetHints":{"allow":["GET"]}}],"collection":[{"href":"https:\/\/www.imprefil.com\/es\/wp-json\/wp\/v2\/pages"}],"about":[{"href":"https:\/\/www.imprefil.com\/es\/wp-json\/wp\/v2\/types\/page"}],"author":[{"embeddable":true,"href":"https:\/\/www.imprefil.com\/es\/wp-json\/wp\/v2\/users\/2"}],"replies":[{"embeddable":true,"href":"https:\/\/www.imprefil.com\/es\/wp-json\/wp\/v2\/comments?post=4459"}],"version-history":[{"count":2,"href":"https:\/\/www.imprefil.com\/es\/wp-json\/wp\/v2\/pages\/4459\/revisions"}],"predecessor-version":[{"id":4574,"href":"https:\/\/www.imprefil.com\/es\/wp-json\/wp\/v2\/pages\/4459\/revisions\/4574"}],"up":[{"embeddable":true,"href":"https:\/\/www.imprefil.com\/es\/wp-json\/wp\/v2\/pages\/4384"}],"wp:attachment":[{"href":"https:\/\/www.imprefil.com\/es\/wp-json\/wp\/v2\/media?parent=4459"}],"curies":[{"name":"wp","href":"https:\/\/api.w.org\/{rel}","templated":true}]}}