{"id":4419,"date":"2020-11-19T19:37:22","date_gmt":"2020-11-19T18:37:22","guid":{"rendered":"http:\/\/www.imprefil.com\/es\/?page_id=4419"},"modified":"2025-01-20T10:17:08","modified_gmt":"2025-01-20T09:17:08","slug":"catalogos-termico-depositos-pdf","status":"publish","type":"page","link":"https:\/\/www.imprefil.com\/es\/catalogos-termico-pdf-por-marcas\/catalogos-termico-depositos-pdf\/","title":{"rendered":"Cat\u00e1logos T\u00e9rmico dep\u00f3sitos PDF"},"content":{"rendered":"<h2><a href=\"http:\/\/www.imprefil.com\/es\/wp-content\/uploads\/2020\/11\/CATALOGO_DEPOSITOS.pdf\" target=\"_blank\" rel=\"noopener noreferrer\"><img loading=\"lazy\" decoding=\"async\" class=\"alignleft wp-image-4386 \" src=\"http:\/\/www.imprefil.com\/es\/wp-content\/uploads\/2020\/11\/PORTcatalogo01-225x300.jpg\" alt=\"\" width=\"150\" height=\"200\" srcset=\"https:\/\/www.imprefil.com\/es\/wp-content\/uploads\/2020\/11\/PORTcatalogo01-225x300.jpg 225w, https:\/\/www.imprefil.com\/es\/wp-content\/uploads\/2020\/11\/PORTcatalogo01.jpg 389w\" sizes=\"auto, (max-width: 150px) 100vw, 150px\" \/><\/a>Dep\u00f3sitos<\/h2>\n<p><a href=\"https:\/\/www.imprefil.com\/es\/wp-content\/uploads\/2023\/01\/CATALOGO-DEPOSITOS-02-2023.pdf\" target=\"_blank\" rel=\"noopener noreferrer\"><img loading=\"lazy\" decoding=\"async\" class=\"alignnone wp-image-828\" src=\"http:\/\/imprefil.com\/es\/wp-content\/uploads\/2018\/10\/icono-pdf-150x150.jpeg\" alt=\"\" width=\"100\" height=\"100\" srcset=\"https:\/\/www.imprefil.com\/es\/wp-content\/uploads\/2018\/10\/icono-pdf-150x150.jpeg 150w, https:\/\/www.imprefil.com\/es\/wp-content\/uploads\/2018\/10\/icono-pdf-100x100.jpeg 100w, https:\/\/www.imprefil.com\/es\/wp-content\/uploads\/2018\/10\/icono-pdf-111x111.jpeg 111w, https:\/\/www.imprefil.com\/es\/wp-content\/uploads\/2018\/10\/icono-pdf.jpeg 200w\" sizes=\"auto, (max-width: 100px) 100vw, 100px\" \/><\/a><\/p>\n<hr \/>\n<h2><a href=\"http:\/\/www.imprefil.com\/es\/wp-content\/uploads\/2020\/11\/CATALOGO_DEPOSITOS_EXPANSION.pdf\" target=\"_blank\" rel=\"noopener noreferrer\"><img loading=\"lazy\" decoding=\"async\" class=\"alignleft wp-image-4386 \" src=\"http:\/\/www.imprefil.com\/es\/wp-content\/uploads\/2020\/11\/PORTcatalogo01-225x300.jpg\" alt=\"\" width=\"150\" height=\"200\" srcset=\"https:\/\/www.imprefil.com\/es\/wp-content\/uploads\/2020\/11\/PORTcatalogo01-225x300.jpg 225w, https:\/\/www.imprefil.com\/es\/wp-content\/uploads\/2020\/11\/PORTcatalogo01.jpg 389w\" sizes=\"auto, (max-width: 150px) 100vw, 150px\" \/><\/a>Dep\u00f3sitos de expansi\u00f3n<\/h2>\n<p><a href=\"http:\/\/www.imprefil.com\/es\/wp-content\/uploads\/2020\/11\/CATALOGO_DEPOSITOS_EXPANSION.pdf\" target=\"_blank\" rel=\"noopener noreferrer\"><img loading=\"lazy\" decoding=\"async\" class=\"alignnone wp-image-828\" src=\"http:\/\/imprefil.com\/es\/wp-content\/uploads\/2018\/10\/icono-pdf-150x150.jpeg\" alt=\"\" width=\"100\" height=\"100\" srcset=\"https:\/\/www.imprefil.com\/es\/wp-content\/uploads\/2018\/10\/icono-pdf-150x150.jpeg 150w, https:\/\/www.imprefil.com\/es\/wp-content\/uploads\/2018\/10\/icono-pdf-100x100.jpeg 100w, https:\/\/www.imprefil.com\/es\/wp-content\/uploads\/2018\/10\/icono-pdf-111x111.jpeg 111w, https:\/\/www.imprefil.com\/es\/wp-content\/uploads\/2018\/10\/icono-pdf.jpeg 200w\" sizes=\"auto, (max-width: 100px) 100vw, 100px\" \/><\/a><\/p>\n<hr \/>\n<h2><a href=\"http:\/\/www.imprefil.com\/es\/wp-content\/uploads\/2020\/11\/GAMA_DE_TAPONES_POR_MEDIDAS_Y_PRESIONES.pdf\" target=\"_blank\" rel=\"noopener noreferrer\"><img loading=\"lazy\" decoding=\"async\" class=\"alignleft wp-image-4386 \" src=\"http:\/\/www.imprefil.com\/es\/wp-content\/uploads\/2020\/11\/PORTcatalogo01-225x300.jpg\" alt=\"\" width=\"150\" height=\"200\" srcset=\"https:\/\/www.imprefil.com\/es\/wp-content\/uploads\/2020\/11\/PORTcatalogo01-225x300.jpg 225w, https:\/\/www.imprefil.com\/es\/wp-content\/uploads\/2020\/11\/PORTcatalogo01.jpg 389w\" sizes=\"auto, (max-width: 150px) 100vw, 150px\" \/><\/a>Tapones<\/h2>\n<p><a href=\"http:\/\/www.imprefil.com\/es\/wp-content\/uploads\/2020\/11\/GAMA_DE_TAPONES_POR_MEDIDAS_Y_PRESIONES.pdf\" target=\"_blank\" rel=\"noopener noreferrer\"><img loading=\"lazy\" decoding=\"async\" class=\"alignnone wp-image-828\" src=\"http:\/\/imprefil.com\/es\/wp-content\/uploads\/2018\/10\/icono-pdf-150x150.jpeg\" alt=\"\" width=\"100\" height=\"100\" srcset=\"https:\/\/www.imprefil.com\/es\/wp-content\/uploads\/2018\/10\/icono-pdf-150x150.jpeg 150w, https:\/\/www.imprefil.com\/es\/wp-content\/uploads\/2018\/10\/icono-pdf-100x100.jpeg 100w, https:\/\/www.imprefil.com\/es\/wp-content\/uploads\/2018\/10\/icono-pdf-111x111.jpeg 111w, https:\/\/www.imprefil.com\/es\/wp-content\/uploads\/2018\/10\/icono-pdf.jpeg 200w\" sizes=\"auto, (max-width: 100px) 100vw, 100px\" \/><\/a><\/p>\n<hr \/>\n<h2><a href=\"http:\/\/www.imprefil.com\/es\/wp-content\/uploads\/2020\/11\/GRAPADOR-DESGRAPADOR-MORDAZA.pdf\"><img loading=\"lazy\" decoding=\"async\" class=\"alignleft wp-image-4429 \" src=\"http:\/\/www.imprefil.com\/es\/wp-content\/uploads\/2020\/11\/PORTcatalogo04-225x300.jpg\" alt=\"\" width=\"150\" height=\"200\" srcset=\"https:\/\/www.imprefil.com\/es\/wp-content\/uploads\/2020\/11\/PORTcatalogo04-225x300.jpg 225w, https:\/\/www.imprefil.com\/es\/wp-content\/uploads\/2020\/11\/PORTcatalogo04.jpg 389w\" sizes=\"auto, (max-width: 150px) 100vw, 150px\" \/><\/a>Grapadoras y desgrapadoras<\/h2>\n<p><a href=\"http:\/\/www.imprefil.com\/es\/wp-content\/uploads\/2020\/11\/GRAPADOR-DESGRAPADOR-MORDAZA.pdf\" target=\"_blank\" rel=\"noopener noreferrer\"><img loading=\"lazy\" decoding=\"async\" class=\"alignnone wp-image-828\" src=\"http:\/\/imprefil.com\/es\/wp-content\/uploads\/2018\/10\/icono-pdf-150x150.jpeg\" alt=\"\" width=\"100\" height=\"100\" srcset=\"https:\/\/www.imprefil.com\/es\/wp-content\/uploads\/2018\/10\/icono-pdf-150x150.jpeg 150w, https:\/\/www.imprefil.com\/es\/wp-content\/uploads\/2018\/10\/icono-pdf-100x100.jpeg 100w, https:\/\/www.imprefil.com\/es\/wp-content\/uploads\/2018\/10\/icono-pdf-111x111.jpeg 111w, https:\/\/www.imprefil.com\/es\/wp-content\/uploads\/2018\/10\/icono-pdf.jpeg 200w\" sizes=\"auto, (max-width: 100px) 100vw, 100px\" \/><\/a><\/p>\n<hr \/>\n<h2><a href=\"http:\/\/www.imprefil.com\/es\/wp-content\/uploads\/2020\/11\/HERRAMIENTAS_Y_ACCESORIOS_IMAGENES.pdf\"><img loading=\"lazy\" decoding=\"async\" class=\"alignleft wp-image-4429 \" src=\"http:\/\/www.imprefil.com\/es\/wp-content\/uploads\/2020\/11\/PORTcatalogo04-225x300.jpg\" alt=\"\" width=\"150\" height=\"200\" srcset=\"https:\/\/www.imprefil.com\/es\/wp-content\/uploads\/2020\/11\/PORTcatalogo04-225x300.jpg 225w, https:\/\/www.imprefil.com\/es\/wp-content\/uploads\/2020\/11\/PORTcatalogo04.jpg 389w\" sizes=\"auto, (max-width: 150px) 100vw, 150px\" \/><\/a>Herramientas y accesorios para radiadoristas<\/h2>\n<p><a href=\"http:\/\/www.imprefil.com\/es\/wp-content\/uploads\/2020\/11\/HERRAMIENTAS_Y_ACCESORIOS_IMAGENES.pdf\" target=\"_blank\" rel=\"noopener noreferrer\"><img loading=\"lazy\" decoding=\"async\" class=\"alignnone wp-image-828\" src=\"http:\/\/imprefil.com\/es\/wp-content\/uploads\/2018\/10\/icono-pdf-150x150.jpeg\" alt=\"\" width=\"100\" height=\"100\" srcset=\"https:\/\/www.imprefil.com\/es\/wp-content\/uploads\/2018\/10\/icono-pdf-150x150.jpeg 150w, https:\/\/www.imprefil.com\/es\/wp-content\/uploads\/2018\/10\/icono-pdf-100x100.jpeg 100w, https:\/\/www.imprefil.com\/es\/wp-content\/uploads\/2018\/10\/icono-pdf-111x111.jpeg 111w, https:\/\/www.imprefil.com\/es\/wp-content\/uploads\/2018\/10\/icono-pdf.jpeg 200w\" sizes=\"auto, (max-width: 100px) 100vw, 100px\" \/><\/a><\/p>\n<hr \/>\n<h2><a href=\"http:\/\/www.imprefil.com\/es\/wp-content\/uploads\/2020\/11\/IMPREFIL_MANGUITOS_SILICONA.pdf\" target=\"_blank\" rel=\"noopener noreferrer\"><img loading=\"lazy\" decoding=\"async\" class=\"alignleft wp-image-4386 \" src=\"http:\/\/www.imprefil.com\/es\/wp-content\/uploads\/2020\/11\/PORTcatalogo01-225x300.jpg\" alt=\"\" width=\"150\" height=\"200\" srcset=\"https:\/\/www.imprefil.com\/es\/wp-content\/uploads\/2020\/11\/PORTcatalogo01-225x300.jpg 225w, https:\/\/www.imprefil.com\/es\/wp-content\/uploads\/2020\/11\/PORTcatalogo01.jpg 389w\" sizes=\"auto, (max-width: 150px) 100vw, 150px\" \/><\/a>Manguitos de silicona<\/h2>\n<p><a href=\"http:\/\/www.imprefil.com\/es\/wp-content\/uploads\/2020\/11\/IMPREFIL_MANGUITOS_SILICONA.pdf\" target=\"_blank\" rel=\"noopener noreferrer\"><img loading=\"lazy\" decoding=\"async\" class=\"alignnone wp-image-828\" src=\"http:\/\/imprefil.com\/es\/wp-content\/uploads\/2018\/10\/icono-pdf-150x150.jpeg\" alt=\"\" width=\"100\" height=\"100\" srcset=\"https:\/\/www.imprefil.com\/es\/wp-content\/uploads\/2018\/10\/icono-pdf-150x150.jpeg 150w, https:\/\/www.imprefil.com\/es\/wp-content\/uploads\/2018\/10\/icono-pdf-100x100.jpeg 100w, https:\/\/www.imprefil.com\/es\/wp-content\/uploads\/2018\/10\/icono-pdf-111x111.jpeg 111w, https:\/\/www.imprefil.com\/es\/wp-content\/uploads\/2018\/10\/icono-pdf.jpeg 200w\" sizes=\"auto, (max-width: 100px) 100vw, 100px\" \/><\/a><\/p>\n<hr \/>\n<h2><\/h2>\n","protected":false},"excerpt":{"rendered":"<p>Dep\u00f3sitos Dep\u00f3sitos de expansi\u00f3n Tapones Grapadoras y desgrapadoras Herramientas y accesorios para radiadoristas Manguitos de silicona<\/p>\n","protected":false},"author":2,"featured_media":0,"parent":4384,"menu_order":0,"comment_status":"closed","ping_status":"closed","template":"","meta":{"footnotes":""},"class_list":["post-4419","page","type-page","status-publish","hentry","latest_post"],"aioseo_notices":[],"_links":{"self":[{"href":"https:\/\/www.imprefil.com\/es\/wp-json\/wp\/v2\/pages\/4419","targetHints":{"allow":["GET"]}}],"collection":[{"href":"https:\/\/www.imprefil.com\/es\/wp-json\/wp\/v2\/pages"}],"about":[{"href":"https:\/\/www.imprefil.com\/es\/wp-json\/wp\/v2\/types\/page"}],"author":[{"embeddable":true,"href":"https:\/\/www.imprefil.com\/es\/wp-json\/wp\/v2\/users\/2"}],"replies":[{"embeddable":true,"href":"https:\/\/www.imprefil.com\/es\/wp-json\/wp\/v2\/comments?post=4419"}],"version-history":[{"count":5,"href":"https:\/\/www.imprefil.com\/es\/wp-json\/wp\/v2\/pages\/4419\/revisions"}],"predecessor-version":[{"id":5132,"href":"https:\/\/www.imprefil.com\/es\/wp-json\/wp\/v2\/pages\/4419\/revisions\/5132"}],"up":[{"embeddable":true,"href":"https:\/\/www.imprefil.com\/es\/wp-json\/wp\/v2\/pages\/4384"}],"wp:attachment":[{"href":"https:\/\/www.imprefil.com\/es\/wp-json\/wp\/v2\/media?parent=4419"}],"curies":[{"name":"wp","href":"https:\/\/api.w.org\/{rel}","templated":true}]}}