{"id":4014,"date":"2020-03-03T09:35:42","date_gmt":"2020-03-03T08:35:42","guid":{"rendered":"http:\/\/www.imprefil.com\/es\/?page_id=4014"},"modified":"2020-03-03T09:46:30","modified_gmt":"2020-03-03T08:46:30","slug":"politica-de-privacidad","status":"publish","type":"page","link":"https:\/\/www.imprefil.com\/es\/politica-de-privacidad\/","title":{"rendered":"Pol\u00edtica de privacidad"},"content":{"rendered":"<p>Mediante este aviso IMPREFIL, S.L., como propietario del dominio imprefil.com, es informar acerca de la pol\u00edtica de protecci\u00f3n de datos de car\u00e1cter personal de la web oficial para que Usted determine libre y voluntariamente si desea facilitar a IMPREFIL. los datos personales que le podamos requerir o podamos obtener de Usted con ocasi\u00f3n de su acceso y su uso del Sitio Web, as\u00ed como de sus Contenidos.<\/p>\n<p>El tratamiento de los datos personales, as\u00ed como cualquier otra informaci\u00f3n solicitada por el usuario para la gesti\u00f3n y tramitaci\u00f3n de consultas o las que se traten dentro del Sitio Web, ser\u00e1 llevado a cabo con sujeci\u00f3n a lo previsto con la legislaci\u00f3n vigente en cada momento de Protecci\u00f3n de Datos (Reglamento UE 2016\/679 de protecci\u00f3n de datos y LO 3\/2018) y normativa de desarrollo, as\u00ed como en la Ley 34\/2002, de servicios a la sociedad de la informaci\u00f3n y comercio electr\u00f3nico.<\/p>\n<p>IMPREFIL cumple con las exigencias establecidas en la legislaci\u00f3n vigente sobre Protecci\u00f3n de Datos de Car\u00e1cter Personal y normativa de desarrollo.<\/p>\n<p>IMPREFIL se reserva el derecho a modificar la presente pol\u00edtica para adaptarla a novedades legislativas o jurisprudenciales, as\u00ed como a pr\u00e1cticas de la industria. Por referido motivo se recomienda que siempre que acceda al sitio web proceda leer detenidamente la presente Pol\u00edtica de Privacidad.<\/p>\n<p><strong>\u00bfQui\u00e9n es el Responsable del tratamiento de tus datos?<\/strong><\/p>\n<p>Titular: IMPREFIL, S.L.<\/p>\n<p>Direcci\u00f3n: Avenida Artesanos, 38 28760 Tres Cantos (Madrid)<\/p>\n<p>Correo electr\u00f3nico: imprefil@imprefil.com<\/p>\n<p>Contacto: Tel: +34 91 803 11 19<\/p>\n<p>CIF: A-28606242<\/p>\n<p>Registrada en el Registro Mercantil de MADRID, Tomo 5412 GENERAL, Libro 4511, Secci\u00f3n 3\u00aa, Folio 133, Hoja 43166, Inscripci\u00f3n 1\u00aa,<\/p>\n<p><strong>\u00bfPara qu\u00e9 trataremos tus datos?<\/strong><\/p>\n<p>Los \u00fanicos datos personales a los que IMPREFIL. tendr\u00e1 acceso ser\u00e1n aqu\u00e9llos que el Usuario facilite voluntariamente.<\/p>\n<p>En este sentido es preciso que el Usuario conozca que, para acceder a algunos servicios ofrecidos a trav\u00e9s de la Web se le solicitar\u00e1n datos de car\u00e1cter personal y la cumplimentaci\u00f3n de formularios cuyos campos son obligatorios de tal modo que la omisi\u00f3n de alguno de ellos podr\u00e1 comportar la imposibilidad de que podamos atender su solicitud o no poder acceder ni utilizar los referidos servicios y contenidos, salvo que en el propio formulario haya datos de cumplimentaci\u00f3n voluntaria.<\/p>\n<p>En cumplimiento con lo establecido con la legislaci\u00f3n vigente en materia de protecci\u00f3n de datos, informamos que, mediante la aceptaci\u00f3n de la presente Pol\u00edtica de Privacidad el Usuario acepta que sus datos personales queden incorporados en uno o varios registros de actividades del tratamiento, cuya titularidad y responsabilidad corresponde a IMPREFIL con el fin de:<\/p>\n<ul>\n<li>Prestarle los servicios e informaci\u00f3n solicitados.<\/li>\n<li>Gestionar los pedidos realizados en el \u00e1rea privada.<\/li>\n<li>Poder realizar encuestas y tramitar las reclamaciones y quejas seg\u00fan la normativa de calidad existente.<\/li>\n<li>Informar sobre la empresa, las novedades del sector y comunicarle cualquier informaci\u00f3n que pueda ser de su inter\u00e9s respecto a los productos y precios a trav\u00e9s de cualquier medio t\u00e9cnico al alcance.<\/li>\n<li>Realizar un control y seguimiento de los productos y servicios contratados.<br \/>\nRealizar la gesti\u00f3n de selecci\u00f3n de personal en el caso de haber enviado un curr\u00edculum.<\/li>\n<\/ul>\n<p><strong>\u00bfCu\u00e1l es la base legal o la legitimaci\u00f3n para el tratamiento de tus datos personales?<\/strong><\/p>\n<p>La base legal del tratamiento de los datos personales es la aceptaci\u00f3n de la presente Pol\u00edtica de Privacidad, ya que con referida acci\u00f3n, el Usuario acepta su contenido y otorga su consentimiento expreso al tratamiento de los datos personales facilitados con las finalidades anteriormente indicadas.<\/p>\n<p>El consentimiento para el tratamiento de sus datos con las finalidades descritas en el apartado anterior se entender\u00e1 prestado a trav\u00e9s de la marcaci\u00f3n de las casillas correspondientes dispuestas al efecto en nuestra p\u00e1gina web.<\/p>\n<p>Asimismo, cuando el Usuario facilita sus datos de car\u00e1cter personal utilizando el e-mail de contactos que pudieran aparecer en el Sitio Web, est\u00e1 autorizando expresamente a IMPREFIL al tratamiento de sus Datos Personales para poder atender sus peticiones de servicios.<\/p>\n<p>La aceptaci\u00f3n por parte del Usuario del tratamiento de sus datos por parte de IMPREFIL., as\u00ed como de recibir comunicaciones comerciales por v\u00eda electr\u00f3nica en la forma establecida, tendr\u00e1 siempre el car\u00e1cter de revocable sin efectos retroactivos, conforme a lo dispuesto en la legislaci\u00f3n vigente.<\/p>\n<p><strong>\u00bfA qui\u00e9n comunicamos tus datos?<\/strong><\/p>\n<p>De igual manera, le informamos que sus datos no ser\u00e1n cedidos a excepci\u00f3n de en aquellos casos en que sea necesario para el desarrollo, cumplimiento y control de la relaci\u00f3n existente con Usted respecto del servicio contratado con IMPREFIL. o en los supuestos en que lo autorice una norma con rango de ley y, en particular, cuando concurra uno de los supuestos siguientes: a) El tratamiento o la cesi\u00f3n tengan por objeto la satisfacci\u00f3n de un inter\u00e9s leg\u00edtimo del responsable del tratamiento o del cesionario amparado por dicha norma; b) El tratamiento o la cesi\u00f3n de los datos sean necesarios para que el responsable del tratamiento cumpla un deber que le imponga dicha norma.<\/p>\n<p><strong>\u00bfDurante cu\u00e1nto tiempo conservaremos tus datos?<\/strong><\/p>\n<p>IMPREFIL conservar los datos personales proporcionados el tiempo que sea necesario mientras dure la relaci\u00f3n negocial o el servicio que se preste y a efectos comerciales o de marketing mientras no muestre su oposici\u00f3n, supresi\u00f3n o limitaci\u00f3n en su caso.<\/p>\n<p>En cualquier caso, para determinar los per\u00edodos de conservaci\u00f3n de datos, la empresa contempla las leyes locales, las obligaciones contractuales y las expectativas y requisitos de nuestros clientes. En el momento en el que Usted ejerza su derecho de supresi\u00f3n, oposici\u00f3n, limitaci\u00f3n correspondiente o cuando consideremos que ya no es necesario el tratamiento de sus datos, procederemos en el caso que sea posible a su eliminaci\u00f3n o destrucci\u00f3n de forma segura a no ser que sea necesario su conservaci\u00f3n por establecerlo alguna disposici\u00f3n legal o para cumplir con alguna responsabilidad.<\/p>\n<p><strong>\u00bfC\u00f3mo puedes controlar la gesti\u00f3n de tus datos?<\/strong><\/p>\n<p>Podr\u00e1s ejercitar tus derechos de acceso, rectificaci\u00f3n, supresi\u00f3n y oposici\u00f3n as\u00ed como los de limitaci\u00f3n y portabilidad, en cualquiera de las direcciones que te hemos indicado al principio o en la direcci\u00f3n de correo electr\u00f3nico <a href=\"mailto:imprefil@imprefil.com\">imprefil@imprefil.com<\/a>., adjuntando fotocopia del DNI e indic\u00e1ndonos qu\u00e9 actuaci\u00f3n por nuestra parte solicitas. El ejercicio de todos estos derechos es gratuito<\/p>\n<p>Por \u00faltimo, si los interesados entienden que los tratamientos realizados no se ajustan a la legalidad, puede presentar reclamaci\u00f3n ante la Autoridad de Control (www.ae pd.es)<\/p>\n<p><strong>Derecho de informaci\u00f3n<\/strong>: Usted tiene derecho a que desde IMPREFIL le confirmemos si estamos tratando datos personales que le conciernen, o no y, en su caso a obtener la informaci\u00f3n que se le facilita en el presente documento.<\/p>\n<p><strong>Derechos de acceso, rectificaci\u00f3n y supresi\u00f3n de sus datos<\/strong>: Tiene derecho a acceder a sus datos personales, as\u00ed como a solicitar la rectificaci\u00f3n de los datos que sean inexactos o, en su caso, solicitar su supresi\u00f3n de sus datos cuando, entre otros motivos, ya no sean necesarios para los fines que fueron recogidos.<\/p>\n<p><strong>Derecho a la limitaci\u00f3n del tratamiento<\/strong>: En determinadas circunstancias, puede solicitar la limitaci\u00f3n del tratamiento de sus datos, en cuyo caso \u00fanicamente los conservaremos para el ejercicio o la defensa de reclamaciones.<\/p>\n<p><strong>Derecho de oposici\u00f3n<\/strong>: En determinadas circunstancias y por motivos relacionados con su situaci\u00f3n particular, podr\u00e1 oponerse al tratamiento de sus datos, en cuyo caso dejaremos de tratarlos, salvo que existan motivos leg\u00edtimos imperiosos o sean necesarios para el ejercicio o la defensa de posibles reclamaciones.<\/p>\n<p><strong>Derecho de portabilidad<\/strong>: Bajo determinadas circunstancias, tiene derecho a que aquellos datos suyos que tratemos en virtud del consentimiento que nos haya facilitado o en virtud de un contrato suscrito con usted, se los transmitamos, a usted o directamente a otra empresa que usted designe, en un formato estructurado, de uso com\u00fan y lectura mec\u00e1nica (formato interoperable).<\/p>\n<p><strong>Revocaci\u00f3n de consentimiento<\/strong>: En relaci\u00f3n con los tratamientos de sus datos que llevamos a cabo en virtud del consentimiento que usted nos otorg\u00f3 para ello, tiene derecho a retirar, en cualquier momento, dicho consentimiento. Una vez producida dicha revocaci\u00f3n, salvo que exista otra causa que nos legitima para continuar con el tratamiento, \u00e9ste cesar\u00e1, pero la revocaci\u00f3n no producir\u00e1 efectos retroactivos, de modo que no afectar\u00e1 a los tratamientos que hasta ese momento se hubieran venido realizando.<\/p>\n<p><strong>\u00bfC\u00f3mo custodiamos tus datos?<\/strong><\/p>\n<p>En cumplimiento de nuestra obligaci\u00f3n de guardar secreto respecto de los datos de car\u00e1cter personal recogidos, as\u00ed como de nuestro deber de custodiarlos, nos comprometemos a adoptar las medidas de seguridad necesarias para evitar su modificaci\u00f3n, alteraci\u00f3n, p\u00e9rdida, tratamiento o acceso no autorizado, de acuerdo con lo establecido en el RGPD. Ello, no obstante, el usuario debe ser consciente de que las medidas de seguridad en Internet no son inexpugnables.<\/p>\n<p><strong>Calidad de los datos<\/strong><\/p>\n<p>El Usuario web y el destinatario de los servicios proporcionados ser\u00e1 el \u00fanico responsable de la veracidad y exactitud de los datos aportados, actuando IMPREFIL de buena fe como mero prestador del servicio.<\/p>\n<p>Por lo tanto, es importante que los datos facilitados sean ciertos, veraces y l\u00edcitos, reserv\u00e1ndose IMPREFIL el derecho de excluir de los servicios a aquellos usuarios que hayan facilitado datos falsos, sin perjuicio de que se puedan iniciar acciones legales, comprometi\u00e9ndose usted a informar de los cambios que sus datos personales puedan sufrir, con el fin de que IMPREFIL tenga actualizados en todo momento los mismos.<\/p>\n","protected":false},"excerpt":{"rendered":"<p>Mediante este aviso IMPREFIL, S.L., como propietario del dominio imprefil.com, es informar acerca de la pol\u00edtica de protecci\u00f3n de datos de car\u00e1cter personal de la web oficial para que Usted determine libre y voluntariamente si desea facilitar a IMPREFIL. los datos personales que le podamos requerir o podamos obtener de Usted con ocasi\u00f3n de su [&hellip;]<\/p>\n","protected":false},"author":2,"featured_media":0,"parent":0,"menu_order":0,"comment_status":"closed","ping_status":"closed","template":"","meta":{"footnotes":""},"class_list":["post-4014","page","type-page","status-publish","hentry","latest_post"],"aioseo_notices":[],"_links":{"self":[{"href":"https:\/\/www.imprefil.com\/es\/wp-json\/wp\/v2\/pages\/4014","targetHints":{"allow":["GET"]}}],"collection":[{"href":"https:\/\/www.imprefil.com\/es\/wp-json\/wp\/v2\/pages"}],"about":[{"href":"https:\/\/www.imprefil.com\/es\/wp-json\/wp\/v2\/types\/page"}],"author":[{"embeddable":true,"href":"https:\/\/www.imprefil.com\/es\/wp-json\/wp\/v2\/users\/2"}],"replies":[{"embeddable":true,"href":"https:\/\/www.imprefil.com\/es\/wp-json\/wp\/v2\/comments?post=4014"}],"version-history":[{"count":1,"href":"https:\/\/www.imprefil.com\/es\/wp-json\/wp\/v2\/pages\/4014\/revisions"}],"predecessor-version":[{"id":4015,"href":"https:\/\/www.imprefil.com\/es\/wp-json\/wp\/v2\/pages\/4014\/revisions\/4015"}],"wp:attachment":[{"href":"https:\/\/www.imprefil.com\/es\/wp-json\/wp\/v2\/media?parent=4014"}],"curies":[{"name":"wp","href":"https:\/\/api.w.org\/{rel}","templated":true}]}}