{"id":1509,"date":"2019-05-02T08:18:50","date_gmt":"2019-05-02T07:18:50","guid":{"rendered":"http:\/\/www.imprefil.com\/es\/politica-de-cookies\/"},"modified":"2020-03-02T20:14:07","modified_gmt":"2020-03-02T19:14:07","slug":"politica-de-cookies","status":"publish","type":"page","link":"https:\/\/www.imprefil.com\/es\/politica-de-cookies\/","title":{"rendered":"Pol\u00edtica de cookies"},"content":{"rendered":"<p><strong>Pol\u00edtica de cookies <\/strong><\/p>\n<p>La Web <a href=\"http:\/\/www.imprefil.es\">www.imprefil.es<\/a> utiliza cookies propias y de terceros con el fin de obtener informaci\u00f3n sobre sus visitas as\u00ed como el uso que hace de nuestra web. Al navegar o utilizar nuestros servicios el usuario acepta el uso que hacemos de las cookies. Sin embargo, el usuario tiene la opci\u00f3n de impedir la generaci\u00f3n de cookies y la eliminaci\u00f3n de las mismas mediante la selecci\u00f3n de la correspondiente opci\u00f3n en su Navegador. En caso de bloquear el uso de cookies en su navegador es posible que algunos servicios o funcionalidades de la p\u00e1gina Web no est\u00e9n disponibles.<\/p>\n<p><strong>\u00bfQu\u00e9 es una cookie?<\/strong><\/p>\n<p>Una cookie es un archivo que se descarga y almacena en el equipo del usuario al acceder a determinadas p\u00e1ginas web, para almacenar y recuperar informaci\u00f3n sobre la navegaci\u00f3n que se realiza desde ese equipo. Las cookies son esenciales para el funcionamiento de Internet, aportando ventajas para la prestaci\u00f3n de servicios interactivos, facilit\u00e1ndole la navegaci\u00f3n y usabilidad de nuestra web. Tenga en cuenta que las cookies no pueden da\u00f1ar su equipo y que a cambio el que est\u00e9n activadas nos ayudan a identificar y resolver los errores.<\/p>\n<p>&nbsp;<\/p>\n<p><strong>\u00bfC\u00f3mo se utilizan las cookies?<\/strong><\/p>\n<p>Al navegar por este portal Web el usuario est\u00e1 aceptando que se puedan instalar cookies en su terminal y que nos permiten conocer la siguiente informaci\u00f3n:<\/p>\n<ul>\n<li>Informaci\u00f3n estad\u00edstica del uso de la web.<\/li>\n<li>El &#8216;login&#8217; del usuario para mantener la sesi\u00f3n activa en la web.<\/li>\n<li>El formato de la web preferente en el acceso desde dispositivos m\u00f3viles.<\/li>\n<li>Las \u00faltimas b\u00fasquedas realizadas en los servicios de la web y datos de personalizaci\u00f3n de estos servicios.<\/li>\n<li>Informaci\u00f3n sobre los anuncios que se muestran al usuario.<\/li>\n<li>Datos de la conexi\u00f3n con las redes sociales para los usuarios que acceden con su usuario de Facebook o Twitter.<\/li>\n<\/ul>\n<p><strong>Tipos de cookies utilizadas<\/strong><\/p>\n<p>Este Web utiliza tanto cookies temporales de sesi\u00f3n como cookies permanentes. Las cookies de sesi\u00f3n almacenan datos \u00fanicamente mientras el usuario accede al Web y las cookies permanentes almacenan los datos en el terminal para que sean accedidos y utilizados en m\u00e1s de una sesi\u00f3n.<\/p>\n<p>Seg\u00fan la finalidad para la que se traten los datos obtenidos a trav\u00e9s de las cookies, el Web puede utilizar:<\/p>\n<p><strong><em>Cookies t\u00e9cnicas<\/em><\/strong><\/p>\n<p>Son aqu\u00e9llas que permiten al usuario la navegaci\u00f3n a trav\u00e9s de la p\u00e1gina Web o aplicaci\u00f3n y la utilizaci\u00f3n de las diferentes opciones o servicios que en ella existen. Por ejemplo, controlar el tr\u00e1fico y la comunicaci\u00f3n de datos, identificar la sesi\u00f3n, acceder a las partes Web de acceso restringido, recordar los elementos que integran un pedido, realizar la solicitud de inscripci\u00f3n o participaci\u00f3n en un evento, utilizar elementos de seguridad durante la navegaci\u00f3n y almacenar contenidos para la difusi\u00f3n de videos o sonido.<\/p>\n<p><strong><em>Cookies de personalizaci\u00f3n<\/em><\/strong><\/p>\n<p>Son aqu\u00e9llas que permiten al usuario acceder al servicio con algunas caracter\u00edsticas de car\u00e1cter general predefinidas en su terminal o que el propio usuario defina. Por ejemplo, el idioma, el tipo de navegador a trav\u00e9s del cual accede al servicio, el dise\u00f1o de contenidos seleccionado, geolocalizaci\u00f3n del terminal y la configuraci\u00f3n regional desde donde se accede al servicio.<\/p>\n<p>En este caso, las cookies de personalitzaci\u00f3n de idioma permiten que el usuario pueda acceder a nuestra p\u00e1gina web y que recordemos el idioma que ha elegido en su primera visita. Estas cookies son persistentes y no desaparecer\u00e1n cuando cierre su navegador.<\/p>\n<p><strong><em>Cookies publicitarias<\/em><\/strong><\/p>\n<p>Son aquellas que permiten la gesti\u00f3n eficaz de los espacios publicitarios que se han incluido en la p\u00e1gina Web o aplicaci\u00f3n desde la que se presta el servicio. Permiten adecuar el contenido de la publicidad para que esta sea relevante para el usuario y para evitar mostrar anuncios que el usuario ya haya visto.<\/p>\n<p><strong><em>Cookies de an\u00e1lisis estad\u00edstico<\/em><\/strong><\/p>\n<p>Las cookies de an\u00e1lisis permiten recoger informaci\u00f3n sobre c\u00f3mo los usuarios interact\u00faan en nuestra p\u00e1gina web, a fin de analizar de forma agregada estas conductas y poder introducir mejoras, no permiten identificarle. Usamos las cookies de Google Analytics denominadas \u201c_utma\u201d y \u201c_utmz\u201d.<\/p>\n<p><strong><em>Cookies de complemento<\/em><\/strong><\/p>\n<p>Las cookies de complemento para intercambiar contenidos sociales son gestionadas \u00edntegramente por Facebook, Twitter, Google+, YouTube e Instagram. Integramos en nuestra p\u00e1gina web \u201cm\u00f3dulos de complemento de contenidos sociales\u201d que facilitan a los miembros de redes sociales intercambiar contenidos.<\/p>\n<p><strong>Gesti\u00f3n de cookies<\/strong><\/p>\n<p>El usuario tiene la opci\u00f3n de permitir, bloquear o eliminar las cookies instaladas en su equipo mediante la configuraci\u00f3n de las opciones del navegador instalado en su terminal:<\/p>\n<p><u>Para ajustar los permisos relacionados con las cookies en el Navegador Google Chrome<\/u>:<\/p>\n<ul>\n<li>Hacer clic en el men\u00fa situado en la barra de herramientas.<\/li>\n<li>Seleccionar Configuraci\u00f3n.<\/li>\n<li>Hacer clic en Mostrar opciones avanzadas.<\/li>\n<li>En la secci\u00f3n \u201cPrivacidad\u201d hacer clic en el bot\u00f3n Configuraci\u00f3n de contenido.<\/li>\n<li>En la secci\u00f3n de \u201cCookies\u201d se pueden configurar las opciones.<\/li>\n<\/ul>\n<p><a href=\"https:\/\/support.google.com\/chrome\/answer\/95647?hl=es\">M\u00e1s informaci\u00f3n sobre Chrome<\/a>.<\/p>\n<p><u>Para ajustar los permisos relacionados con las cookies en el Navegador Mozilla Firefox<\/u>:<\/p>\n<ul>\n<li>En la parte superior de la ventana de Firefox hacer clic en el men\u00fa Herramientas.<\/li>\n<li>Seleccionar Opciones.<\/li>\n<li>Seleccionar el panel Privacidad.<\/li>\n<li>En la opci\u00f3n Firefox podr\u00e1 elegir Usar una configuraci\u00f3n personalizada para el historial para configurar las opciones.<\/li>\n<\/ul>\n<p><a href=\"https:\/\/support.mozilla.org\/es\/kb\/cookies-informacion-que-los-sitios-web-guardan-en-?esab=a&amp;s=adminstracion+de+cookies&amp;r=2&amp;as=s\">M\u00e1s informaci\u00f3n sobre Mozilla Firefox<\/a>.<\/p>\n<p><u>Para ajustar los permisos relacionados con las cookies en el Navegador Internet Explorer 9<\/u>:<\/p>\n<ul>\n<li>En la parte superior de la ventana de Internet Explorer hacer clic en el men\u00fa Herramientas.<\/li>\n<li>Seleccionar la pesta\u00f1a de Seguridad y utilizar la opci\u00f3n Eliminar el historial de exploraci\u00f3n para eliminar las cookies.<\/li>\n<li>Activar la casilla Cookies y, a continuaci\u00f3n, hacer clic en Eliminar.<\/li>\n<li>Seleccionar la pesta\u00f1a de Seguridad y utilizar la Configuraci\u00f3n mover el control deslizante totalmente hacia arriba para bloquear todas las cookies o totalmente hacia abajo para permitir todas las cookies.<\/li>\n<\/ul>\n<p><a href=\"http:\/\/windows.microsoft.com\/es-es\/windows7\/how-to-manage-cookies-in-internet-explorer-9\">M\u00e1s informaci\u00f3n sobre Internet Explorer 9<\/a>.<\/p>\n<p>En caso de bloquear el uso de cookies en su navegador es posible que algunos servicios o funcionalidades de la p\u00e1gina Web no est\u00e9n disponibles.<\/p>\n<p>En algunos navegadores se pueden configurar reglas espec\u00edficas para administrar cookies por sitio Web, lo que ofrece un control m\u00e1s preciso sobre la privacidad. Esto significa que se puede inhabilitar cookies de todos los sitios salvo de aquellos en los que se conf\u00ede.<\/p>\n<p>Si tuviera alguna duda o consulta sobre la Pol\u00edtica de Cookies, por favor escriba a <a href=\"mailto:imprefil@imprefil.es\">imprefil@imprefil.es<\/a><\/p>\n","protected":false},"excerpt":{"rendered":"<p>Pol\u00edtica de cookies La Web www.imprefil.es utiliza cookies propias y de terceros con el fin de obtener informaci\u00f3n sobre sus visitas as\u00ed como el uso que hace de nuestra web. Al navegar o utilizar nuestros servicios el usuario acepta el uso que hacemos de las cookies. Sin embargo, el usuario tiene la opci\u00f3n de impedir [&hellip;]<\/p>\n","protected":false},"author":1,"featured_media":0,"parent":0,"menu_order":0,"comment_status":"closed","ping_status":"closed","template":"","meta":{"footnotes":""},"class_list":["post-1509","page","type-page","status-publish","hentry","latest_post"],"aioseo_notices":[],"_links":{"self":[{"href":"https:\/\/www.imprefil.com\/es\/wp-json\/wp\/v2\/pages\/1509","targetHints":{"allow":["GET"]}}],"collection":[{"href":"https:\/\/www.imprefil.com\/es\/wp-json\/wp\/v2\/pages"}],"about":[{"href":"https:\/\/www.imprefil.com\/es\/wp-json\/wp\/v2\/types\/page"}],"author":[{"embeddable":true,"href":"https:\/\/www.imprefil.com\/es\/wp-json\/wp\/v2\/users\/1"}],"replies":[{"embeddable":true,"href":"https:\/\/www.imprefil.com\/es\/wp-json\/wp\/v2\/comments?post=1509"}],"version-history":[{"count":3,"href":"https:\/\/www.imprefil.com\/es\/wp-json\/wp\/v2\/pages\/1509\/revisions"}],"predecessor-version":[{"id":4007,"href":"https:\/\/www.imprefil.com\/es\/wp-json\/wp\/v2\/pages\/1509\/revisions\/4007"}],"wp:attachment":[{"href":"https:\/\/www.imprefil.com\/es\/wp-json\/wp\/v2\/media?parent=1509"}],"curies":[{"name":"wp","href":"https:\/\/api.w.org\/{rel}","templated":true}]}}