{"id":1401,"date":"2019-02-05T19:18:32","date_gmt":"2019-02-05T18:18:32","guid":{"rendered":"http:\/\/imprefil.com\/es\/?page_id=1401"},"modified":"2025-01-30T19:14:59","modified_gmt":"2025-01-30T18:14:59","slug":"productos-varios","status":"publish","type":"page","link":"https:\/\/www.imprefil.com\/es\/productos-varios\/","title":{"rendered":"Productos varios"},"content":{"rendered":"<p>[CAT_INI] ;Inicio del cat\u00e1logo<br \/>\n; USAR PANTILLA:Catalogos Imprefil<br \/>\n;==================================================================================================================<br \/>\n[TRAZA]=OFF<br \/>\n;[2M-Opcion]=CATALOGO_CORTO<br \/>\n[2M-Opcion]=CATALOGO_IMPREFIL ;Tipo de cat\u00e1logo (T\u00e9rmico o uno con similar estructura<br \/>\n[CAT_ID]=6 ;ID del cat\u00e1logo<br \/>\n[IMAGEN_CABECERA]=\u00bbhttps:\/\/www.imprefil.com\/es\/wp-content\/uploads\/2020\/12\/BodegonEmbasesImprefil.jpg\u00bb<br \/>\n[ANCHO_IMG]=600 ;Ancho de la imagen de cabecera<br \/>\n[ALTO_IMG]=300 ;Alto de la imagen de cabcera<br \/>\n[PATH_IMG]=\u00bb\u00bb ;Camino donde se encuentran las imagenes si se omite se usa el de la BBDD<br \/>\n[ALTPATH_IMG]=\u00bbhttp:\/\/www.imprefil.com\/es\/imagenes\/catalogo\/todos\/\u00bb ;Camino ALTERNATIVO si no se encuentra la imagen si se omite se usa el de la BBDD<br \/>\n[CABECERA]=\u00bbLimpieza, mantenimiento y productos especiales para el profesional y el taller\u00bb<br \/>\n[CABECERA_CATALOGO]=\u00bbVarios\u00bb<br \/>\n;[TEXTO_CATALOGO]=\u00bbVarios\u00bb<br \/>\n[LIMITE]=20 ;Cantidad de productos por p\u00e1gina<br \/>\n[MAX_QUERY]=2000 ;M\u00e1ximo n\u00famero de resultados por b\u00fasqueda<br \/>\n[MAX_QUERY_TXT]=\u00bbEl resultado supera el n\u00famero m\u00e1ximo permitido (MAX_QUERY) acote la b\u00fasqueda\u00bb<br \/>\n;===========================================================================<br \/>\n; Definiciones de campos a mostrar[SHOW] \/ NO mostrar [HIDE]<br \/>\n;===========================================================================<br \/>\n[SHOW]=PRODUCTO ;Muestra la columna PRODUCTO<br \/>\n[SHOW]=MARCA ;<br \/>\n[SHOW]=MODELO ;<br \/>\n[HIDE]=TIPO ;Tdi, 1,4i, 1.7\/16V., etc.<br \/>\n[HIDE]=CC ;Cilindrada<br \/>\n[HIDE]=ANO ;A\u00f1o<br \/>\n[HIDE]=T ;Cambio M\/A (Manual \/ Autom\u00e1tico)<br \/>\n[HIDE]=AA ;Aire Acondicionado<br \/>\n[HIDE]=MOTOR ;<br \/>\n[HIDE]=MEDIDAS ;<br \/>\n[SHOW]=DESCRIPCION ;<br \/>\n[HIDE]=OEM ;Referencia OEM<br \/>\n[SHOW]=IMPREFIL ;Referencia Imprefil<br \/>\n[SHOW]=IMAGEN ;Mostrar o no mostrar imagen<br \/>\n[HIDE]=VOID_FIELDS ;\u00bfMostrar los campos vacios? [HIDE]=NO mostrar [SHOW]=Mostrar<br \/>\n[HIDE]=PESO ;<br \/>\n[HIDE]=NORMA_EURO ;<br \/>\n[HIDE]=REF_KLARIUS ;Referencia Karius<br \/>\n[HIDE]=REF_BOSAL ;Referencia Bosal<br \/>\n[HIDE]=REF_WALKER ;Referencia Walker<br \/>\n[HIDE]=REF_EEC ;Referencia EEC<br \/>\n[HIDE]=REF_AS ;Referencia AS<br \/>\n;==================================================================================================================<br \/>\n[CAT_FIN] ;Fin del cat\u00e1logo<br \/>\n;==================================================================================================================<br \/>\n;Esto es lo que se muestra despu\u00e9s del cat\u00e1logo si no es un comentario<\/p>\n","protected":false},"excerpt":{"rendered":"<p>[CAT_INI] ;Inicio del cat\u00e1logo ; USAR PANTILLA:Catalogos Imprefil ;================================================================================================================== [TRAZA]=OFF ;[2M-Opcion]=CATALOGO_CORTO [2M-Opcion]=CATALOGO_IMPREFIL ;Tipo de cat\u00e1logo (T\u00e9rmico o uno con similar estructura [CAT_ID]=6 ;ID del cat\u00e1logo [IMAGEN_CABECERA]=\u00bbhttps:\/\/www.imprefil.com\/es\/wp-content\/uploads\/2020\/12\/BodegonEmbasesImprefil.jpg\u00bb [ANCHO_IMG]=600 ;Ancho de la imagen de cabecera [ALTO_IMG]=300 ;Alto de la imagen de cabcera [PATH_IMG]=\u00bb\u00bb ;Camino donde se encuentran las imagenes si se omite se usa el de la [&hellip;]<\/p>\n","protected":false},"author":2,"featured_media":0,"parent":0,"menu_order":0,"comment_status":"closed","ping_status":"closed","template":"templates\/template-edu-catalogos-imprefil.php","meta":{"footnotes":""},"class_list":["post-1401","page","type-page","status-publish","hentry","latest_post"],"aioseo_notices":[],"_links":{"self":[{"href":"https:\/\/www.imprefil.com\/es\/wp-json\/wp\/v2\/pages\/1401","targetHints":{"allow":["GET"]}}],"collection":[{"href":"https:\/\/www.imprefil.com\/es\/wp-json\/wp\/v2\/pages"}],"about":[{"href":"https:\/\/www.imprefil.com\/es\/wp-json\/wp\/v2\/types\/page"}],"author":[{"embeddable":true,"href":"https:\/\/www.imprefil.com\/es\/wp-json\/wp\/v2\/users\/2"}],"replies":[{"embeddable":true,"href":"https:\/\/www.imprefil.com\/es\/wp-json\/wp\/v2\/comments?post=1401"}],"version-history":[{"count":8,"href":"https:\/\/www.imprefil.com\/es\/wp-json\/wp\/v2\/pages\/1401\/revisions"}],"predecessor-version":[{"id":5534,"href":"https:\/\/www.imprefil.com\/es\/wp-json\/wp\/v2\/pages\/1401\/revisions\/5534"}],"wp:attachment":[{"href":"https:\/\/www.imprefil.com\/es\/wp-json\/wp\/v2\/media?parent=1401"}],"curies":[{"name":"wp","href":"https:\/\/api.w.org\/{rel}","templated":true}]}}